{"id":92,"date":"2021-10-04T09:16:08","date_gmt":"2021-10-04T08:16:08","guid":{"rendered":"https:\/\/chiropracteurparis.fr\/?page_id=92"},"modified":"2022-02-21T17:59:50","modified_gmt":"2022-02-21T16:59:50","slug":"plan-du-site","status":"publish","type":"page","link":"https:\/\/chiropracteurparis.fr\/en\/plan-du-site\/","title":{"rendered":"Site Map"},"content":{"rendered":"<p>[et_pb_section fb_built=\u00a0\u00bb1&Prime; _builder_version=\u00a0\u00bb4.14.8&Prime; _module_preset=\u00a0\u00bbdefault\u00a0\u00bb custom_padding=\u00a0\u00bb||15px|||\u00a0\u00bb global_colors_info=\u00a0\u00bb{}\u00a0\u00bb][et_pb_row _builder_version=\u00a0\u00bb4.14.8&Prime; _module_preset=\u00a0\u00bbdefault\u00a0\u00bb global_colors_info=\u00a0\u00bb{}\u00a0\u00bb][et_pb_column type=\u00a0\u00bb4_4&Prime; _builder_version=\u00a0\u00bb4.14.8&Prime; _module_preset=\u00a0\u00bbdefault\u00a0\u00bb global_colors_info=\u00a0\u00bb{}\u00a0\u00bb][et_pb_text module_id=\u00a0\u00bbfaq\u00a0\u00bb _builder_version=\u00a0\u00bb4.14.8&Prime; text_font=\u00a0\u00bbPT Sans||||||||\u00a0\u00bb text_font_size=\u00a0\u00bb16px\u00a0\u00bb text_line_height=\u00a0\u00bb1.8em\u00a0\u00bb header_font=\u00a0\u00bbRoboto|300|||||||\u00a0\u00bb header_text_align=\u00a0\u00bbcenter\u00a0\u00bb header_text_color=\u00a0\u00bb#004B5E\u00a0\u00bb header_font_size=\u00a0\u00bb53px\u00a0\u00bb header_3_font=\u00a0\u00bbRoboto|300|||||||\u00a0\u00bb header_3_text_color=\u00a0\u00bb#003E51&Prime; header_3_font_size=\u00a0\u00bb39px\u00a0\u00bb header_3_line_height=\u00a0\u00bb1.2em\u00a0\u00bb custom_margin=\u00a0\u00bb||0px||false|false\u00a0\u00bb custom_margin_tablet=\u00a0\u00bb\u00a0\u00bb custom_margin_phone=\u00a0\u00bb\u00a0\u00bb custom_margin_last_edited=\u00a0\u00bbon|desktop\u00a0\u00bb custom_padding=\u00a0\u00bb0px||||false|false\u00a0\u00bb header_3_font_size_tablet=\u00a0\u00bb33px\u00a0\u00bb header_3_font_size_phone=\u00a0\u00bb30px\u00a0\u00bb header_3_font_size_last_edited=\u00a0\u00bbon|phone\u00a0\u00bb text_orientation_tablet=\u00a0\u00bb\u00a0\u00bb text_orientation_phone=\u00a0\u00bbcenter\u00a0\u00bb text_orientation_last_edited=\u00a0\u00bbon|phone\u00a0\u00bb locked=\u00a0\u00bboff\u00a0\u00bb global_colors_info=\u00a0\u00bb{}\u00a0\u00bb]<\/p>\n<h1>Plan du site<\/h1>\n<p>[\/et_pb_text][\/et_pb_column][\/et_pb_row][et_pb_row _builder_version=\u00a0\u00bb4.14.8&Prime; _module_preset=\u00a0\u00bbdefault\u00a0\u00bb hover_enabled=\u00a0\u00bb0&Prime; global_colors_info=\u00a0\u00bb{}\u00a0\u00bb box_shadow_style=\u00a0\u00bbpreset1&Prime; box_shadow_color=\u00a0\u00bbrgba(12,113,195,0.13)\u00a0\u00bb custom_padding=\u00a0\u00bb20px|20px|20px|20px|false|false\u00a0\u00bb sticky_enabled=\u00a0\u00bb0&Prime; border_radii=\u00a0\u00bbon|8px|8px|8px|8px\u00a0\u00bb][et_pb_column type=\u00a0\u00bb4_4&Prime; _builder_version=\u00a0\u00bb4.14.8&Prime; _module_preset=\u00a0\u00bbdefault\u00a0\u00bb global_colors_info=\u00a0\u00bb{}\u00a0\u00bb][et_pb_text _builder_version=\u00a0\u00bb4.14.8&Prime; _module_preset=\u00a0\u00bbdefault\u00a0\u00bb global_colors_info=\u00a0\u00bb{}\u00a0\u00bb]<\/p>\n<div class=\"et_pb_column et_pb_column_4_4 et_pb_column_2  et_pb_css_mix_blend_mode_passthrough et-last-child\">\n<div class=\"et_pb_module et_pb_text et_pb_text_2  et_pb_text_align_left et_pb_bg_layout_light\">\n<div class=\"et_pb_text_inner\">\n<div class=\"et_pb_column et_pb_column_4_4 et_pb_column_2  et_pb_css_mix_blend_mode_passthrough et-last-child\">\n<div class=\"et_pb_module et_pb_text et_pb_text_2  et_pb_text_align_left et_pb_bg_layout_light\">\n<div class=\"et_pb_text_inner\">\n<p>&nbsp;<\/p>\n<div class=\"wsp-container\">\n<h2 class=\"wsp-pages-title\">Pages<\/h2>\n<ul class=\"wsp-pages-list\">\n<li class=\"page_item page-item-90\"><a href=\"https:\/\/chiropracteurparis.fr\/articles-chiropraxie\/\">Articles Chiropraxie<\/a><\/li>\n<li class=\"page_item page-item-85\"><a href=\"https:\/\/chiropracteurparis.fr\/audrey-deberdt\/\">Audrey Deberdt<\/a><\/li>\n<li class=\"page_item page-item-82\"><a href=\"https:\/\/chiropracteurparis.fr\/chantal-tran\/\">Chantal Tran<\/a><\/li>\n<li class=\"page_item page-item-4146\"><a href=\"https:\/\/chiropracteurparis.fr\/chiropraxie-remboursement-mutuelle\/\">Chiropraxie Remboursement Mutuelle<\/a><\/li>\n<li class=\"page_item page-item-5598\"><a href=\"https:\/\/chiropracteurparis.fr\/chloe-martin\/\">Chlo\u00e9 Martin<\/a><\/li>\n<li class=\"page_item page-item-390\"><a href=\"https:\/\/chiropracteurparis.fr\/contact\/\">Contact<\/a><a href=\"https:\/\/chiropracteurparis.fr\/7286-2\/\"><\/a><\/li>\n<li class=\"page_item page-item-73\"><a href=\"https:\/\/chiropracteurparis.fr\/galerie\/\">Galerie<\/a><\/li>\n<li class=\"page_item page-item-5741\"><a href=\"https:\/\/chiropracteurparis.fr\/\">Les bienfaits de la chiropraxie<\/a><\/li>\n<li class=\"page_item page-item-5741\"><a href=\"https:\/\/chiropraxieparis.fr\/quand-consulter-chiropracteur\/\" target=\"_blank\" rel=\"noopener\">Motifs de consultation<\/a><\/li>\n<li class=\"page_item page-item-5894\"><a href=\"https:\/\/chiropracteurparis.fr\/nos-engagements\/\">Nos Engagements<\/a><a href=\"https:\/\/chiropracteurparis.fr\/page-404\/\"><\/a><\/li>\n<li class=\"page_item page-item-5894\"><a href=\"https:\/\/chiropraxieparis.fr\/chiropracteur-pour-qui\/\" target=\"_blank\" rel=\"noopener\">Nos Patients<\/a><\/li>\n<li class=\"page_item page-item-83\"><a href=\"https:\/\/chiropracteurparis.fr\/pauline-hemmert\/\">Pauline Hemmert<\/a><\/li>\n<li class=\"page_item page-item-92 current_page_item\"><a href=\"https:\/\/chiropracteurparis.fr\/plan-du-site\/\">Plan du site<\/a><a href=\"https:\/\/chiropracteurparis.fr\/plan-du-site-2\/\"><\/a><\/li>\n<li class=\"page_item page-item-74\"><a href=\"https:\/\/chiropracteurparis.fr\/protocole-sanitaire\/\">Protocole Sanitaire<\/a><\/li>\n<li class=\"page_item page-item-74\"><a href=\"https:\/\/chiropraxieparis.fr\/\" target=\"_blank\" rel=\"noopener\">Sp\u00e9cialistes du dos et des articulations<\/a><\/li>\n<li class=\"page_item page-item-72\"><a href=\"https:\/\/chiropracteurparis.fr\/therapeutes-recommandation\/\">Th\u00e9rapeutes recommand\u00e9s<\/a><\/li>\n<li class=\"page_item page-item-5592\"><a href=\"https:\/\/chiropracteurparis.fr\/trouver-un-chiropracteur-a-paris\/\">Trouver un chiropracteur \u00e0 Paris<\/a><\/li>\n<\/ul>\n<h2 class=\"wsp-posts-title\">Articles par cat\u00e9gorie<\/h2>\n<ul class=\"wsp-posts-list\">\n<li><strong class=\"wsp-category-title\">Cat\u00e9gorie : <a href=\"https:\/\/chiropraxieparis.fr\/category\/chiropraxie\/\" target=\"_blank\" rel=\"noopener\">Chiropraxie<\/a><\/strong>\n<ul class=\"wsp-posts-list\">\n<li class=\"wsp-post\"><a href=\"https:\/\/chiropraxieparis.fr\/la-colonne-vertebrale\/\" target=\"_blank\" rel=\"noopener\">la colonne vert\u00e9brale<\/a><\/li>\n<li class=\"wsp-post\"><a href=\"https:\/\/chiropraxieparis.fr\/pourquoi-la-chiropraxie\/\" target=\"_blank\" rel=\"noopener\">Pourquoi la Chiropraxie ?<\/a><\/li>\n<\/ul>\n<\/li>\n<li><strong class=\"wsp-category-title\">Cat\u00e9gorie : <a href=\"https:\/\/chiropraxieparis.fr\/category\/pathologie\/\" target=\"_blank\" rel=\"noopener\">Pathologie<\/a><\/strong>\n<ul class=\"wsp-posts-list\">\n<li class=\"wsp-post\"><a href=\"https:\/\/chiropraxieparis.fr\/la-sciatique\/\" target=\"_blank\" rel=\"noopener\">La sciatique<\/a><\/li>\n<li class=\"wsp-post\"><a href=\"https:\/\/chiropraxieparis.fr\/ameliorer-son-sommeil-eviter-la-fatigue\/\" target=\"_blank\" rel=\"noopener\">La fatigue<\/a><\/li>\n<li class=\"wsp-post\"><a href=\"https:\/\/chiropraxieparis.fr\/la-lombalgie\/\" target=\"_blank\" rel=\"noopener\">La lombalgie<\/a><\/li>\n<li class=\"wsp-post\"><a href=\"https:\/\/chiropraxieparis.fr\/le-torticolis\/\" target=\"_blank\" rel=\"noopener\">Le torticolis<\/a><\/li>\n<li class=\"wsp-post\"><a href=\"https:\/\/chiropraxieparis.fr\/la-nevralgie-cervico-brachiale\/\" target=\"_blank\" rel=\"noopener\">La n\u00e9vralgie cervico-brachiale<\/a><\/li>\n<li class=\"wsp-post\"><a href=\"https:\/\/chiropraxieparis.fr\/lumbago\/\" target=\"_blank\" rel=\"noopener\">Lumbago<\/a><\/li>\n<li class=\"wsp-post\"><a href=\"https:\/\/chiropraxieparis.fr\/hernie-discale\/\" target=\"_blank\" rel=\"noopener\">Hernie discale<\/a><\/li>\n<li class=\"wsp-post\"><a href=\"https:\/\/chiropraxieparis.fr\/la-cruralgie\/\" target=\"_blank\" rel=\"noopener\">La cruralgie<\/a><\/li>\n<li class=\"wsp-post\"><a href=\"https:\/\/chiropraxieparis.fr\/la-cervicalgie\/\" target=\"_blank\" rel=\"noopener\">La cervicalgie<\/a><\/li>\n<li class=\"wsp-post\"><a href=\"https:\/\/chiropraxieparis.fr\/migraine\/\" target=\"_blank\" rel=\"noopener\">Migraine<\/a><\/li>\n<\/ul>\n<\/li>\n<li><strong class=\"wsp-category-title\">Cat\u00e9gorie : <a href=\"https:\/\/chiropraxieparis.fr\/category\/symptome\/\" target=\"_blank\" rel=\"noopener\">Symptome<\/a><\/strong>\n<ul class=\"wsp-posts-list\">\n<li class=\"wsp-post\"><a href=\"https:\/\/chiropraxieparis.fr\/douleurs-de-machoire\/\" target=\"_blank\" rel=\"noopener\">Douleurs de m\u00e2choire<\/a><\/li>\n<li class=\"wsp-post\"><a href=\"https:\/\/chiropraxieparis.fr\/les-douleurs-de-dos\/\" target=\"_blank\" rel=\"noopener\">Les douleurs de dos<\/a><\/li>\n<li class=\"wsp-post\"><a href=\"https:\/\/chiropraxieparis.fr\/solution-pour-reduire-le-stress-avec-la-chiropraxie\/\" target=\"_blank\" rel=\"noopener\">Le stress<\/a><\/li>\n<\/ul>\n<\/li>\n<\/ul>\n<ul class=\"wsp-posts-list\">\n<li><strong class=\"wsp-category-title\">Cat\u00e9gorie : <a href=\"https:\/\/chiropracteurparis.fr\/category\/sport\/\">Sport<\/a><\/strong>\n<ul class=\"wsp-posts-list\">\n<li class=\"wsp-post\"><a href=\"https:\/\/chiropracteurparis.fr\/un-chiropracteur-dans-les-profondeurs\/\">Un chiropracteur dans les profondeurs de la Mer Rouge<\/a><\/li>\n<\/ul>\n<\/li>\n<\/ul>\n<\/div>\n<\/div>\n<\/div>\n<\/div>\n<\/div>\n<\/div>\n<\/div>\n<p>[\/et_pb_text][\/et_pb_column][\/et_pb_row][\/et_pb_section]<\/p>\n","protected":false},"excerpt":{"rendered":"<p>Plan du site &nbsp; Pages Articles Chiropraxie Audrey Deberdt Chantal Tran Chiropraxie Remboursement Mutuelle Chlo\u00e9 Martin Contact Galerie Les bienfaits de la chiropraxie Motifs de consultation Nos Engagements Nos Patients Pauline Hemmert Plan du site Protocole Sanitaire Sp\u00e9cialistes du dos et des articulations Th\u00e9rapeutes recommand\u00e9s Trouver un chiropracteur \u00e0 Paris Articles par cat\u00e9gorie Cat\u00e9gorie : [&hellip;]<\/p>\n","protected":false},"author":1,"featured_media":0,"parent":0,"menu_order":0,"comment_status":"closed","ping_status":"closed","template":"","meta":{"_et_pb_use_builder":"on","_et_pb_old_content":"","_et_gb_content_width":"1080","footnotes":""},"class_list":["post-92","page","type-page","status-publish","hentry"],"rank_math_internal_links_processed":"1","rank_math_seo_score":"18","rank_math_focus_keyword":null,"rank_math_description":null,"rank_math_title":null,"_links":{"self":[{"href":"https:\/\/chiropracteurparis.fr\/en\/wp-json\/wp\/v2\/pages\/92","targetHints":{"allow":["GET"]}}],"collection":[{"href":"https:\/\/chiropracteurparis.fr\/en\/wp-json\/wp\/v2\/pages"}],"about":[{"href":"https:\/\/chiropracteurparis.fr\/en\/wp-json\/wp\/v2\/types\/page"}],"author":[{"embeddable":true,"href":"https:\/\/chiropracteurparis.fr\/en\/wp-json\/wp\/v2\/users\/1"}],"replies":[{"embeddable":true,"href":"https:\/\/chiropracteurparis.fr\/en\/wp-json\/wp\/v2\/comments?post=92"}],"version-history":[{"count":0,"href":"https:\/\/chiropracteurparis.fr\/en\/wp-json\/wp\/v2\/pages\/92\/revisions"}],"wp:attachment":[{"href":"https:\/\/chiropracteurparis.fr\/en\/wp-json\/wp\/v2\/media?parent=92"}],"curies":[{"name":"wp","href":"https:\/\/api.w.org\/{rel}","templated":true}]}}